{"id":191,"date":"2019-04-24T14:08:16","date_gmt":"2019-04-24T13:08:16","guid":{"rendered":"https:\/\/zavisaite.art\/?page_id=191"},"modified":"2019-06-24T10:21:20","modified_gmt":"2019-06-24T09:21:20","slug":"news","status":"publish","type":"page","link":"https:\/\/zavisaite.art\/?page_id=191","title":{"rendered":"NEWS \/ NAUJIENOS"},"content":{"rendered":"\n<p><\/p>\n\n\n\n<p>Interviu su \u017eurnaliste, Akvil\u0117s mama, Rita Baltu\u0161yte ir knygos \u201eAkvil\u0117: nepra\u0161yk auksin\u0117s \u017euvel\u0117s plauti ind\u0173\u201c pristatymas kult\u016bros laidoje &#8220;Durys atsidaro&#8221;:<a href=\"http:\/\/www.lrt.lt\/mediateka\/irasas\/28116.\">http:\/\/www.lrt.lt\/mediateka\/irasas\/28116<\/a><\/p>\n\n\n\n<p>Filmas apie Akvil\u0119 \/ Video about Akvil\u0117: <a href=\"https:\/\/www.youtube.com\/watch?v=pbK7AbsOurE\"> https:\/\/youtu.be\/pbK7AbsOurE<\/a><\/p>\n\n\n\n<p>2014 m. baland\u017eio 24 d. 16. val. dailinink\u0117s darb\u0173 paroda ir knygos &#8220;Akvil\u0117: Nepra\u0161yk auksin\u0117s \u017euvel\u0117s plauti ind\u0173&#8221; pristatymas \u0160ilut\u0117s F.Bajorai\u010dio bibliotekoje, Til\u017e\u0117s g. 10.<\/p>\n\n\n\n<p>Straipsnis <a href=\"http:\/\/www.bernardinai.lt\/straipsnis\/2011-05-27-akviles-zavisaites-legenda-po-dvidesimties-metu\/63550\">&#8220;AKVIL\u0116S ZAVI\u0160AIT\u0116S LEGENDA \u2013 PO DVIDE\u0160IMTIES MET\u0172&#8221;<\/a><\/p>\n\n\n\n<p>2013 m. Liepos 5 &#8211; 7 d. Akvil\u0117s k\u016brybos paroda Kupi\u0161kyje.&nbsp;<\/p>\n\n\n\n<p>2012 m. lapkri\u010dio 28 d. 17.30 val. Knygos &#8220;Akvil\u0117&#8221; pristatymas Vilniuje galerijoje &#8220;Kunstkamera&#8221;,  Ligonin\u0117s g. 4. <\/p>\n\n\n\n<p>2012 m. lapkri\u010dio 9 d. 17.30 val. Klaip\u0117dos galerijoje (Dar\u017e\u0173 g. 10 \/ Ba\u017eny\u010di\u0173 g. 4) Akvil\u0117s darb\u0173 paroda ir i\u0161skirtinis knygos pristatymas.<\/p>\n\n\n\n<p>Straipsnis <a href=\"https:\/\/www.alfa.lt\/straipsnis\/11915173\/Zavisaite..drobese.nupiestas.gyvenimas=2011-07-18_07-30?fbclid=IwAR38vSEppjxy1ch0VtCI1h9V8I2qq-YxBY24F3ruGKR8sFa8BF2cSTWkNhs\">&#8220;Zavi\u0161ait\u0117: drob\u0117se nupie\u0161tas gyvenimas&#8221; <\/a><br><\/p>\n\n\n\n<p>Akviles Zavisaites parodos \/ Akvile Zavisaite exhibitions:<br><br>1984 Canberra, Australia<br>1986 Adelaide, Australia<br>1986 Newcastle, Australia<br>1986  Lake Macquarie City, Australia<br>1988 Vilnius Exhibition Hall<br>1989 Chicago, New York, Cleveland, Washington, USA<br>1989 Vilnius Art Museum<br>1989 Newcastle, Australia<br>1990 Chicago, USA<br>1991 Lemont, USA<br>1991 Chicago, USA<br>1997 Vilnius artists&#8217; hall<br>and more<\/p>\n","protected":false},"excerpt":{"rendered":"<p>Interviu su \u017eurnaliste, Akvil\u0117s mama, Rita Baltu\u0161yte ir knygos \u201eAkvil\u0117: nepra\u0161yk auksin\u0117s \u017euvel\u0117s plauti ind\u0173\u201c pristatymas kult\u016bros laidoje &#8220;Durys atsidaro&#8221;:http:\/\/www.lrt.lt\/mediateka\/irasas\/28116 Filmas apie Akvil\u0119 \/ Video about Akvil\u0117: https:\/\/youtu.be\/pbK7AbsOurE 2014 m. baland\u017eio 24 d. 16. val. dailinink\u0117s darb\u0173 paroda ir knygos &#8220;Akvil\u0117: Nepra\u0161yk auksin\u0117s \u017euvel\u0117s plauti ind\u0173&#8221; pristatymas \u0160ilut\u0117s F.Bajorai\u010dio bibliotekoje, Til\u017e\u0117s g. 10. Straipsnis &#8220;AKVIL\u0116S<\/p>\n<p class=\"more-link-wrapper\"><a href=\"https:\/\/zavisaite.art\/?page_id=191\" class=\"more-link\">Continue Reading<span class=\"screen-reader-text\"> &#8220;NEWS \/ NAUJIENOS&#8221;<\/span><\/a><\/p>\n","protected":false},"author":1,"featured_media":0,"parent":12,"menu_order":0,"comment_status":"closed","ping_status":"closed","template":"","meta":{"footnotes":""},"_links":{"self":[{"href":"https:\/\/zavisaite.art\/index.php?rest_route=\/wp\/v2\/pages\/191"}],"collection":[{"href":"https:\/\/zavisaite.art\/index.php?rest_route=\/wp\/v2\/pages"}],"about":[{"href":"https:\/\/zavisaite.art\/index.php?rest_route=\/wp\/v2\/types\/page"}],"author":[{"embeddable":true,"href":"https:\/\/zavisaite.art\/index.php?rest_route=\/wp\/v2\/users\/1"}],"replies":[{"embeddable":true,"href":"https:\/\/zavisaite.art\/index.php?rest_route=%2Fwp%2Fv2%2Fcomments&post=191"}],"version-history":[{"count":26,"href":"https:\/\/zavisaite.art\/index.php?rest_route=\/wp\/v2\/pages\/191\/revisions"}],"predecessor-version":[{"id":282,"href":"https:\/\/zavisaite.art\/index.php?rest_route=\/wp\/v2\/pages\/191\/revisions\/282"}],"up":[{"embeddable":true,"href":"https:\/\/zavisaite.art\/index.php?rest_route=\/wp\/v2\/pages\/12"}],"wp:attachment":[{"href":"https:\/\/zavisaite.art\/index.php?rest_route=%2Fwp%2Fv2%2Fmedia&parent=191"}],"curies":[{"name":"wp","href":"https:\/\/api.w.org\/{rel}","templated":true}]}}