{"id":11,"date":"2019-04-24T09:07:42","date_gmt":"2019-04-24T08:07:42","guid":{"rendered":"https:\/\/zavisaite.art\/?page_id=11"},"modified":"2019-06-11T10:56:31","modified_gmt":"2019-06-11T09:56:31","slug":"services","status":"publish","type":"page","link":"https:\/\/zavisaite.art\/?page_id=11","title":{"rendered":"ABOUT AKVIL\u0116 ZAVI\u0160AIT\u0116"},"content":{"rendered":"<p><img loading=\"lazy\" decoding=\"async\" class=\"alignnone size-medium wp-image-109\" src=\"https:\/\/zavisaite.art\/wp-content\/uploads\/2019\/04\/Akvile-Zavisaite-300x204.jpg\" alt=\"\" width=\"300\" height=\"204\" srcset=\"https:\/\/zavisaite.art\/wp-content\/uploads\/2019\/04\/Akvile-Zavisaite-300x204.jpg 300w, https:\/\/zavisaite.art\/wp-content\/uploads\/2019\/04\/Akvile-Zavisaite.jpg 600w\" sizes=\"(max-width: 300px) 100vw, 300px\" \/><\/p>\n<p>Artist Akvile Zavisaite (Akvil\u0117 Zavi\u0161ait\u0117) was born in 1962 in Vilnius, Lithuania to a family of an architect and a journalist. Since childhood Akvile manifeste<span class=\"text_exposed_show\">d signs of artistic talent. But when after graduating from high school she was denied admission to the Vilnius Art Institute for not being a number of the Komsomol, she enrolled in the Pedagogical Institute of Vilnius to study English and in 1983 she left Lithuania to join her mother in Australia. Here Akvile studied art at the Newcastle College of Advanced Education graduating with a Bachelor\u2019s degree in the visual arts. In 1988 she completed her post-graduate studies in the Hunter Institute of High Education in Newcastle with the graduate diploma in art.<\/span><\/p>\n<p>In her paintings and drawings Zavisaite strived to put into perspective the experiences of her own life (especially as a night club dancer) and those of her family and friends. Her portraits of people possess what her critic and mentor Frank Celtlan called \u201calmost intimidating presence.\u201d She was a promising young Lithuanian artist whose loss will be deeply felt by all.<\/p>\n<p><em>Algimantas Kezys (LITUANUS, vol. 37, summer 1991)<\/em><\/p>\n<p>Since 1984 to 1991 Akvile participated in 14 art exhibitions (2 of them \u2013 solo) in Australia, Lithuania and USA. After her death at the age of 28 in 1991 in Sydney her art was exhibited in 3 retrospective exhibitions: in 1991 in Chicago (USA) and in 1997 and 2006 in Vilnius (Lithuania).<\/p>\n<p>In 1997 in Lithuania was published a book Akvile. Pictures, Letters, Memoirs, compiled by her journalist mother. In 1998 the second edition was issued and a TV documentary was created by talented Lithuanian director Lilia Kopac. The movie with English subtitles was shown several foreign countries including Australia.<\/p>\n<p>Akvile, who died of AIDS on 2nd of June 1991, left about 50 big paintings (mostly pastels on canvas), many drawings, numerous sketches, and some ceramics.<\/p>\n\n\n<h2 class=\"wp-block-heading\" style=\"text-align:center\">APIE AKVIL\u0118 ZAVI\u0160AIT\u0118<\/h2>\n\n\n\n<p>Akvil\u0117 Zavi\u0161ait\u0117 gim\u0117 1962 m. lapkri\u010dio 28 d. Vilniuje architekto ir \u017eurnalist\u0117s \u0161eimoje.<\/p>\n\n\n\n<p>Jau ankstyvoje vaikyst\u0117je \u017einojo, kad bus dailinink\u0117. Pie\u0161davo ir pie\u0161davo gal nuo trej\u0173 met\u0173. Pirmiausia \u2013 \u0161unis, v\u0117liau arklius, tiksliau, eikliuosius \u017eirgus, tiesa vien\u0105 kit\u0105 pavaizduodavo ir s\u0117dint\u012f, kaip \u0161un\u012f. Arkliai buvo jos antroji meil\u0117 (po \u0161un\u0173), netgi buvo prad\u0117jusi lankyti jojimo treniruotes, ta\u010diau mamos paskatinta per\u0117jo \u012f plaukim\u0105.<\/p>\n\n\n\n<p>Dar paaugusi susi\u017eav\u0117jo i\u0161rai\u0161kos \u0161okiu ir nors \u0161okti niekur nesimok\u0117, aplinkinius stebino judesio grak\u0161tumu ir k\u016bno lankstumu. Neblogai skambino gitara, kur\u012f laik\u0105 mok\u0117si groti ir fleita.<\/p>\n\n\n\n<p>Dar neprad\u0117jus Akvilei lankyti pradin\u0117s mokyklos, jos t\u0117vai i\u0161siskyr\u0117: t\u0117vas, aistringas buriuotojas, liko gyventi Nidoje, kur \u0161eima kartu praleido dvejus metus, o mama sugr\u012f\u017eo \u012f Vilni\u0173. Akvil\u0117 mok\u0117si Vilniuje, vasaras leido pas t\u0117v\u0105.<\/p>\n\n\n\n<p>B\u016bdama paskutin\u0117se Vilniaus 44-os vidurin\u0117s mokyklos klas\u0117se prad\u0117jo rengtis egzaminams \u012f Valstybin\u012f dail\u0117s institut\u0105 (dabar Dail\u0117s akademija), lank\u0117 priva\u010dias pie\u0161imo pamokas pas dailinink\u0105 Dr\u0117gv\u0105.<\/p>\n\n\n\n<p>Ta\u010diau Vilniaus dail\u0117s institute jai neleido laikyti stojam\u0173j\u0173 egzamin\u0173 \u2013 per vadinam\u0105 mandatin\u0119 komisij\u0105 paai\u0161k\u0117jo, kad Akvil\u0117 &#8211; ne komjaunuol\u0117. Nei tos pa\u010dios auk\u0161tosios mokyklos absolventas Akvil\u0117s t\u0117vas Algis Zavi\u0161a, nei tuo metu garsus ra\u0161ytojas Juozas Baltu\u0161is, jos senelis, \u201eblato\u201c, kaip tuomet buvo vadinama protekcija, nepadar\u0117.<\/p>\n\n\n\n<p>Niekuomet nepamir\u0161usi meil\u0117s gyv\u016bnams Akvil\u0117 pasi\u0161ov\u0117 vykti \u012f Kaun\u0105 studijuoti veterinarijos arba\u2026 \u012fsidarbinti naktiniame barmene arba \u0161ok\u0117ja, ir bandyti patekti \u012f dail\u0119 kitais metais. Ta\u010diau nami\u0161ki\u0173 nuo to atkalb\u0117ta, pasiliko Vilniuje ir \u012fstojo \u012f Pedagogin\u012f institut\u0105 (dabar pedagoginis universitetas) studijuoti angl\u0173 kalbos.<\/p>\n\n\n\n<p>Po antro kurso atlikusi praktik\u0105 Vilniaus Salom\u0117jos N\u0117ries vidurin\u0117je mokykloje, kurioje ir pati buvo trumpai mokiusis, Akvil\u0117 susilauk\u0117 labai ger\u0173 pedagog\u0173 atsiliepim\u0173 ir raginim\u0173 baigus studijas tapti mokytoja. Akvil\u0117 nutar\u0117 b\u016bti pie\u0161imo mokytoja.<\/p>\n\n\n\n<p>Ta\u010diau pedagogines studijas teko nutraukti, 1983 metais gavus leidim\u0105 i\u0161vykti nuolatiniam gyvenimui \u012f Australij\u0105, kur jau buvo \u012fsik\u016brusi Akvil\u0117s mama.<\/p>\n\n\n\n<p>Motinai i\u0161vykus Akvil\u0119 globojo mamos sesuo Violeta ir aktor\u0117&nbsp;bei poet\u0117 Elena Petrauskien\u0117 (\u017dalinkevi\u010dait\u0117). Gyvenimas \u0161ios populiarios t\u0173 met\u0173 Vilniaus asmenyb\u0117s, daugelio vadintos tiesiog Ponia, namuose, pokalbiai su ja v\u0117liau \u012fkv\u0117p\u0117 Akvil\u0117s paveiksl\u0105 \u201eKry\u017ei\u0173 dama\u201c..<\/p>\n\n\n\n<p>Tais pa\u010diais metais \u012fstojusi \u012f Niukaslio dail\u0117s koled\u017e\u0105 (Newcastle College of Advanced Education School of Visual and Performing Arts), kur pasirinko tapyb\u0105, pie\u0161im\u0105, keramik\u0105. Atskirai dar mok\u0117si pranc\u016bz\u0173 kalbos.<\/p>\n\n\n\n<p>1987 metais studijas baigusi \u012fsigijo meno bakalaur\u0117s laipsn\u012f ir dailinink\u0117s diplom\u0105.<\/p>\n\n\n\n<p>Tais pa\u010diais metais atvykusi \u012f JAV (kur tuo metu gyveno ir dirbo jos motina), Akvil\u0117 \u010dia ilgai neu\u017etruko, nors ir buvo gavusi sta\u017euot\u0119 Niujorko dail\u0117s ir kino meno institute.<\/p>\n\n\n\n<p>Gr\u012f\u017eusi \u012f Australij\u0105 \u012fstojo \u012f aspirant\u016br\u0105 Hunter Institute of Higher Education, para\u0161\u0117 ir apgyn\u0117 disertacij\u0105 \u201eMano gyvenimas ir mano menas\u201c (\u017ei\u016br. \u201cAkvil\u0117. Paveikslai, lai\u0161kai, prisiminimai\u201d). U\u017e tai jai buvo suteiktas auk\u0161tesnio laipsnio dailinink\u0117s diplomas (graduate diploma).<\/p>\n\n\n\n<p>1988 metais Akvil\u0117 nuvyko \u012f Lietuv\u0105. 1989 met\u0173 vasar\u012f-kov\u0105 Vilniaus dail\u0117s muziejuje surengta personalin\u0117 jos tapybos darb\u0173 paroda.<\/p>\n\n\n\n<p>T\u0173 pa\u010di\u0173 met\u0173 spalio m\u0117nes\u012f i\u0161 Lietuvos \u012f Australij\u0105 sugr\u012f\u017e\u0119 paveikslai tais pa\u010diais metais demonstruoti personalin\u0117je parodoje Newcastle Burns-Kaldy galerijoje ir dviej\u0173 dailinink\u0173 parodoje \u201eGallery de Maurianne\u201c Sidn\u0117juje.<\/p>\n\n\n\n<p>Parodose Akvil\u0117 Zavi\u0161ait\u0117 dalyvavo nuo 1984 met\u0173 (i\u0161 viso jos paveikslai demonstruoti keturiolikoje kolektyvini\u0173 ir personalini\u0173 parod\u0173).<\/p>\n\n\n\n<p>Jos darbai (daugiausia pasira\u0161yti tik vardu) demonstruoti Australijoje, Jungtin\u0117se Amerikos Valstijose ir Lietuvoje.<\/p>\n\n\n\n<p>Trys retrospektyvin\u0117s Akvil\u0117s darb\u0173 parodos surengtos jau po jos mirties \u010ciurlionio galerijoje, \u010cikaga, JAV, 1991; Vilniaus meninink\u0173 r\u016bmuose, 1997; galerijoje \u201eAkademija\u201c 2006).<\/p>\n\n\n\n<p>Paskiausioje parodoje buvo rodomas Lietuvos televizijos dokumentinis filmas \u201eAkvil\u0117\u201c; taip pat demonstruojama ir Akvil\u0117s atminimui draug\u0173 ir artim\u0173j\u0173 i\u0161siuvin\u0117tas audeklas, kokius priimta kurti AIDS aukoms Australijoje ir JAV. Dvi savaites trukusi\u0105 parod\u0105 aplank\u0117 1470 \u017emoni\u0173.<\/p>\n\n\n\n<p>Akvil\u0117 Zavi\u0161ait\u0117 mir\u0117 Sidn\u0117juje 1991 met\u0173 bir\u017eelio 2 dien\u0105. Trejus metus kovojusi su mirtinu virusu savo kraujyje. Tik pus\u0119 to tragi\u0161ko laiko pasidalinusi su artimaisiais, pati juos guod\u0117 ir dr\u0105sino. Ypa\u010d paskutiniaisiais gyvenimo m\u0117nesiais.<\/p>\n\n\n\n<p>Dailinink\u0117 paliko apie 50 dideli\u0173 drobi\u0173 ir pie\u0161ini\u0173, daugyb\u0117 eskiz\u0173, atviruk\u0173, keramikos darbeli\u0173. Darbai drob\u0117je atlikti ypatinga pastel\u0117s technika, vaizd\u0105 kuriant i\u0161 \u012fvairiausi\u0173 spalv\u0173 nedideli\u0173 br\u016bk\u0161neli\u0173.<\/p>\n\n\n\n<p>Pirmas stambus Akvil\u0117s darbas buvo triptikas \u201eBellevue\u201c \u0161ok\u0117jos (studij\u0173 metais ji pati \u0161oko to baro scenoje).<\/p>\n\n\n\n<p>Apskritai, jos k\u016briniams b\u016bdingos i\u0161ilgintos jaun\u0173 moter\u0173 &#8211; baro \u0161ok\u0117j\u0173, balerin\u0173 &#8211; fig\u016bros, pusiau nuogos arba aprengtos nepaprastais kostiumais, nema\u017eai portret\u0173 ir autoportret\u0173, pasitaiko simboli\u0173, zodiako \u017eenkl\u0173. Kai kuriuose paveiksluose gra\u017eios m\u012fslingos moterys pozuoja tarytum kraupiame fone, jas supa peiliai, \u0161virk\u0161tai, gyvat\u0117s, voratinkliai, ant grind\u0173 voliojasi ply\u0161usios \u0161irdys. Ta\u010diau netr\u016bksta ir humoro element\u0173, kraup\u016bs ir juokingi did\u017eiulio formato pliu\u0161ini\u0173 \u017eaisliuk\u0173 grupiniai portretai (\u201eNaktin\u0117 arbat\u0117l\u0117\u201c, \u201eLentynoje\u201c).<\/p>\n\n\n\n<p>\u201eA\u0161 manau, Akvil\u0117s darbai kiekviename juos ma\u010diusiame pa\u017eadina ka\u017ek\u0105, kas yra labai intymu, dvasi\u0161ka, o satyros, karikat\u016bros elementai galb\u016bt net g\u0105sdina.<\/p>\n\n\n\n<p>Akvil\u0117 buvo tikra meninink\u0117. Lietuv\u0117 burtinink\u0117. Ji praturtino daugyb\u0119 \u017emoni\u0173, kuriems teko laim\u0117 per tuos metus j\u0105 pa\u017einti.<\/p>\n\n\n\n<p>Akvil\u0119 taip pat galima dr\u0105siai vadinti laisv\u0117s ir \u017emogi\u0161kojo orumo \u012fsik\u016bnijimu. Ji buvo tikra pasaulio piliet\u0117. Telaimina j\u0105 Dievas\u201c.<\/p>\n\n\n\n<p>Taip apie Akvil\u0119 atsiliep\u0117 jos buv\u0119s mokytojas Newcastle universiteto d\u0117stytojas Garry Jones. Ar jis teisus, paliekame spr\u0119sti \u0161ios svetain\u0117s lankytojams.<\/p>\n\n\n\n<h2 class=\"wp-block-heading\">AKVIL\u0116&#8217;S PERSONAL LIFE \/ AKVIL\u0116S GYVENIMO AKIMIRKOS<\/h2>\n\n\n\n<ul class=\"wp-block-gallery columns-3 is-cropped wp-block-gallery-1 is-layout-flex wp-block-gallery-is-layout-flex\"><li class=\"blocks-gallery-item\"><figure><a href=\"https:\/\/zavisaite.art\/wp-content\/uploads\/2019\/04\/Su-mama-Vilnius-1963.jpg\"><img loading=\"lazy\" decoding=\"async\" width=\"600\" height=\"394\" src=\"https:\/\/zavisaite.art\/wp-content\/uploads\/2019\/04\/Su-mama-Vilnius-1963.jpg\" alt=\"\" data-id=\"188\" data-link=\"https:\/\/zavisaite.art\/?attachment_id=188\" class=\"wp-image-188\" srcset=\"https:\/\/zavisaite.art\/wp-content\/uploads\/2019\/04\/Su-mama-Vilnius-1963.jpg 600w, https:\/\/zavisaite.art\/wp-content\/uploads\/2019\/04\/Su-mama-Vilnius-1963-300x197.jpg 300w\" sizes=\"(max-width: 600px) 100vw, 600px\" \/><\/a><figcaption>Akvil\u0117 su mama \/ Akvil\u0117 and mum Vilnius, 1963<\/figcaption><\/figure><\/li><li class=\"blocks-gallery-item\"><figure><a href=\"https:\/\/zavisaite.art\/wp-content\/uploads\/2019\/04\/Su-pusbroliu-Roku-Valaiciu-ir-dieduku-Juozu-Baltusiu-1024x689.jpg\"><img loading=\"lazy\" decoding=\"async\" width=\"1024\" height=\"689\" src=\"https:\/\/zavisaite.art\/wp-content\/uploads\/2019\/04\/Su-pusbroliu-Roku-Valaiciu-ir-dieduku-Juozu-Baltusiu-1024x689.jpg\" alt=\"\" data-id=\"135\" data-link=\"https:\/\/zavisaite.art\/?attachment_id=135\" class=\"wp-image-135\" srcset=\"https:\/\/zavisaite.art\/wp-content\/uploads\/2019\/04\/Su-pusbroliu-Roku-Valaiciu-ir-dieduku-Juozu-Baltusiu-1024x689.jpg 1024w, https:\/\/zavisaite.art\/wp-content\/uploads\/2019\/04\/Su-pusbroliu-Roku-Valaiciu-ir-dieduku-Juozu-Baltusiu-300x202.jpg 300w, https:\/\/zavisaite.art\/wp-content\/uploads\/2019\/04\/Su-pusbroliu-Roku-Valaiciu-ir-dieduku-Juozu-Baltusiu-768x517.jpg 768w, https:\/\/zavisaite.art\/wp-content\/uploads\/2019\/04\/Su-pusbroliu-Roku-Valaiciu-ir-dieduku-Juozu-Baltusiu.jpg 1760w\" sizes=\"(max-width: 1024px) 100vw, 1024px\" \/><\/a><figcaption>Su pusbroliu Roku Valai\u010diu ir dieduku Juozu Baltu\u0161iu <\/figcaption><\/figure><\/li><li class=\"blocks-gallery-item\"><figure><a href=\"https:\/\/zavisaite.art\/wp-content\/uploads\/2019\/04\/Akvile-su-mociute-Vanda-Sidnejus-1984-1024x687.jpg\"><img loading=\"lazy\" decoding=\"async\" width=\"1024\" height=\"687\" src=\"https:\/\/zavisaite.art\/wp-content\/uploads\/2019\/04\/Akvile-su-mociute-Vanda-Sidnejus-1984-1024x687.jpg\" alt=\"\" data-id=\"131\" data-link=\"https:\/\/zavisaite.art\/?attachment_id=131\" class=\"wp-image-131\" srcset=\"https:\/\/zavisaite.art\/wp-content\/uploads\/2019\/04\/Akvile-su-mociute-Vanda-Sidnejus-1984-1024x687.jpg 1024w, https:\/\/zavisaite.art\/wp-content\/uploads\/2019\/04\/Akvile-su-mociute-Vanda-Sidnejus-1984-300x201.jpg 300w, https:\/\/zavisaite.art\/wp-content\/uploads\/2019\/04\/Akvile-su-mociute-Vanda-Sidnejus-1984-768x515.jpg 768w\" sizes=\"(max-width: 1024px) 100vw, 1024px\" \/><\/a><figcaption>Akvil\u0117 su mo\u010diute Vanda \/ Akvil\u0117 with grandmother Vanda Sydney, 1984<\/figcaption><\/figure><\/li><li class=\"blocks-gallery-item\"><figure><a href=\"https:\/\/zavisaite.art\/wp-content\/uploads\/2019\/04\/Akvile-su-Meges-sunum-Brisiumi-754x1024.jpg\"><img loading=\"lazy\" decoding=\"async\" width=\"754\" height=\"1024\" src=\"https:\/\/zavisaite.art\/wp-content\/uploads\/2019\/04\/Akvile-su-Meges-sunum-Brisiumi-754x1024.jpg\" alt=\"\" data-id=\"130\" data-link=\"https:\/\/zavisaite.art\/?attachment_id=130\" class=\"wp-image-130\" srcset=\"https:\/\/zavisaite.art\/wp-content\/uploads\/2019\/04\/Akvile-su-Meges-sunum-Brisiumi-754x1024.jpg 754w, https:\/\/zavisaite.art\/wp-content\/uploads\/2019\/04\/Akvile-su-Meges-sunum-Brisiumi-221x300.jpg 221w, https:\/\/zavisaite.art\/wp-content\/uploads\/2019\/04\/Akvile-su-Meges-sunum-Brisiumi-768x1043.jpg 768w, https:\/\/zavisaite.art\/wp-content\/uploads\/2019\/04\/Akvile-su-Meges-sunum-Brisiumi.jpg 966w\" sizes=\"(max-width: 754px) 100vw, 754px\" \/><\/a><figcaption>Akvil\u0117 su Brisiumi \/ Akvil\u0117 with Brisius<\/figcaption><\/figure><\/li><li class=\"blocks-gallery-item\"><figure><a href=\"https:\/\/zavisaite.art\/wp-content\/uploads\/2019\/04\/Akvile-prie-savo-paveikslu-Newcastle-1985-954x1024.jpg\"><img loading=\"lazy\" decoding=\"async\" width=\"954\" height=\"1024\" src=\"https:\/\/zavisaite.art\/wp-content\/uploads\/2019\/04\/Akvile-prie-savo-paveikslu-Newcastle-1985-954x1024.jpg\" alt=\"\" data-id=\"128\" data-link=\"https:\/\/zavisaite.art\/?attachment_id=128\" class=\"wp-image-128\" srcset=\"https:\/\/zavisaite.art\/wp-content\/uploads\/2019\/04\/Akvile-prie-savo-paveikslu-Newcastle-1985-954x1024.jpg 954w, https:\/\/zavisaite.art\/wp-content\/uploads\/2019\/04\/Akvile-prie-savo-paveikslu-Newcastle-1985-279x300.jpg 279w, https:\/\/zavisaite.art\/wp-content\/uploads\/2019\/04\/Akvile-prie-savo-paveikslu-Newcastle-1985-768x824.jpg 768w, https:\/\/zavisaite.art\/wp-content\/uploads\/2019\/04\/Akvile-prie-savo-paveikslu-Newcastle-1985.jpg 1904w\" sizes=\"(max-width: 954px) 100vw, 954px\" \/><\/a><figcaption>Akvil\u0117 prie savo paveiksl\u0173 \/ Akvil\u0117 with her paintings Newcastle 1988<\/figcaption><\/figure><\/li><li class=\"blocks-gallery-item\"><figure><a href=\"https:\/\/zavisaite.art\/wp-content\/uploads\/2019\/06\/Ramiojo-vandenyno-pakranteje-1988-826x1024.jpg\"><img loading=\"lazy\" decoding=\"async\" width=\"826\" height=\"1024\" src=\"https:\/\/zavisaite.art\/wp-content\/uploads\/2019\/06\/Ramiojo-vandenyno-pakranteje-1988-826x1024.jpg\" alt=\"\" data-id=\"261\" data-link=\"https:\/\/zavisaite.art\/?attachment_id=261\" class=\"wp-image-261\" srcset=\"https:\/\/zavisaite.art\/wp-content\/uploads\/2019\/06\/Ramiojo-vandenyno-pakranteje-1988-826x1024.jpg 826w, https:\/\/zavisaite.art\/wp-content\/uploads\/2019\/06\/Ramiojo-vandenyno-pakranteje-1988-242x300.jpg 242w, https:\/\/zavisaite.art\/wp-content\/uploads\/2019\/06\/Ramiojo-vandenyno-pakranteje-1988-768x952.jpg 768w\" sizes=\"(max-width: 826px) 100vw, 826px\" \/><\/a><figcaption>Ramiojo vandenyno pakrant\u0117je \/  The pacific coast 1988<\/figcaption><\/figure><\/li><li class=\"blocks-gallery-item\"><figure><a href=\"https:\/\/zavisaite.art\/wp-content\/uploads\/2019\/06\/Akvile-su-mama-pries-eilini-issiskyrima-Sidnejaus-oro-uoste-1024x965.jpg\"><img loading=\"lazy\" decoding=\"async\" width=\"1024\" height=\"965\" src=\"https:\/\/zavisaite.art\/wp-content\/uploads\/2019\/06\/Akvile-su-mama-pries-eilini-issiskyrima-Sidnejaus-oro-uoste-1024x965.jpg\" alt=\"\" data-id=\"264\" data-link=\"https:\/\/zavisaite.art\/?attachment_id=264\" class=\"wp-image-264\" srcset=\"https:\/\/zavisaite.art\/wp-content\/uploads\/2019\/06\/Akvile-su-mama-pries-eilini-issiskyrima-Sidnejaus-oro-uoste-1024x965.jpg 1024w, https:\/\/zavisaite.art\/wp-content\/uploads\/2019\/06\/Akvile-su-mama-pries-eilini-issiskyrima-Sidnejaus-oro-uoste-300x283.jpg 300w, https:\/\/zavisaite.art\/wp-content\/uploads\/2019\/06\/Akvile-su-mama-pries-eilini-issiskyrima-Sidnejaus-oro-uoste-768x724.jpg 768w, https:\/\/zavisaite.art\/wp-content\/uploads\/2019\/06\/Akvile-su-mama-pries-eilini-issiskyrima-Sidnejaus-oro-uoste.jpg 1809w\" sizes=\"(max-width: 1024px) 100vw, 1024px\" \/><\/a><figcaption>Akvil\u0117 su mama Rita Baltu\u0161yte Sydney oro uoste \/ Akvil\u0117 with mother Rita Baltu\u0161yt\u0117 Sydney airport<\/figcaption><\/figure><\/li><li class=\"blocks-gallery-item\"><figure><a href=\"https:\/\/zavisaite.art\/wp-content\/uploads\/2019\/06\/Akvile-su-tevu-Algimantu-Zavisa-savo-parodos-atidaryme-Vilni-760x1024.jpg\"><img loading=\"lazy\" decoding=\"async\" width=\"760\" height=\"1024\" src=\"https:\/\/zavisaite.art\/wp-content\/uploads\/2019\/06\/Akvile-su-tevu-Algimantu-Zavisa-savo-parodos-atidaryme-Vilni-760x1024.jpg\" alt=\"\" data-id=\"257\" data-link=\"https:\/\/zavisaite.art\/?attachment_id=257\" class=\"wp-image-257\" srcset=\"https:\/\/zavisaite.art\/wp-content\/uploads\/2019\/06\/Akvile-su-tevu-Algimantu-Zavisa-savo-parodos-atidaryme-Vilni-760x1024.jpg 760w, https:\/\/zavisaite.art\/wp-content\/uploads\/2019\/06\/Akvile-su-tevu-Algimantu-Zavisa-savo-parodos-atidaryme-Vilni-223x300.jpg 223w, https:\/\/zavisaite.art\/wp-content\/uploads\/2019\/06\/Akvile-su-tevu-Algimantu-Zavisa-savo-parodos-atidaryme-Vilni-768x1034.jpg 768w, https:\/\/zavisaite.art\/wp-content\/uploads\/2019\/06\/Akvile-su-tevu-Algimantu-Zavisa-savo-parodos-atidaryme-Vilni.jpg 1500w\" sizes=\"(max-width: 760px) 100vw, 760px\" \/><\/a><figcaption>Akvil\u0117 su t\u0117vu Algimantu Zavi\u0161a \/ Akvil\u0117 with father Algimantas Zavi\u0161a Vilnius 1989<\/figcaption><\/figure><\/li><li class=\"blocks-gallery-item\"><figure><a href=\"https:\/\/zavisaite.art\/wp-content\/uploads\/2019\/06\/Akvile-Zavisaite-1-1024x697.jpg\"><img loading=\"lazy\" decoding=\"async\" width=\"1024\" height=\"697\" src=\"https:\/\/zavisaite.art\/wp-content\/uploads\/2019\/06\/Akvile-Zavisaite-1-1024x697.jpg\" alt=\"\" data-id=\"271\" data-link=\"https:\/\/zavisaite.art\/?attachment_id=271\" class=\"wp-image-271\" srcset=\"https:\/\/zavisaite.art\/wp-content\/uploads\/2019\/06\/Akvile-Zavisaite-1-1024x697.jpg 1024w, https:\/\/zavisaite.art\/wp-content\/uploads\/2019\/06\/Akvile-Zavisaite-1-300x204.jpg 300w, https:\/\/zavisaite.art\/wp-content\/uploads\/2019\/06\/Akvile-Zavisaite-1-768x523.jpg 768w\" sizes=\"(max-width: 1024px) 100vw, 1024px\" \/><\/a><figcaption>Akvil\u0117 Zavi\u0161ait\u0117<\/figcaption><\/figure><\/li><\/ul>\n","protected":false},"excerpt":{"rendered":"<p>Artist Akvile Zavisaite (Akvil\u0117 Zavi\u0161ait\u0117) was born in 1962 in Vilnius, Lithuania to a family of an architect and a journalist. Since childhood Akvile manifested signs of artistic talent. But when after graduating from high school she was denied admission to the Vilnius Art Institute for not being a number of the Komsomol, she enrolled<\/p>\n<p class=\"more-link-wrapper\"><a href=\"https:\/\/zavisaite.art\/?page_id=11\" class=\"more-link\">Continue Reading<span class=\"screen-reader-text\"> &#8220;ABOUT AKVIL\u0116 ZAVI\u0160AIT\u0116&#8221;<\/span><\/a><\/p>\n","protected":false},"author":1,"featured_media":0,"parent":0,"menu_order":0,"comment_status":"closed","ping_status":"closed","template":"","meta":{"footnotes":""},"_links":{"self":[{"href":"https:\/\/zavisaite.art\/index.php?rest_route=\/wp\/v2\/pages\/11"}],"collection":[{"href":"https:\/\/zavisaite.art\/index.php?rest_route=\/wp\/v2\/pages"}],"about":[{"href":"https:\/\/zavisaite.art\/index.php?rest_route=\/wp\/v2\/types\/page"}],"author":[{"embeddable":true,"href":"https:\/\/zavisaite.art\/index.php?rest_route=\/wp\/v2\/users\/1"}],"replies":[{"embeddable":true,"href":"https:\/\/zavisaite.art\/index.php?rest_route=%2Fwp%2Fv2%2Fcomments&post=11"}],"version-history":[{"count":17,"href":"https:\/\/zavisaite.art\/index.php?rest_route=\/wp\/v2\/pages\/11\/revisions"}],"predecessor-version":[{"id":272,"href":"https:\/\/zavisaite.art\/index.php?rest_route=\/wp\/v2\/pages\/11\/revisions\/272"}],"wp:attachment":[{"href":"https:\/\/zavisaite.art\/index.php?rest_route=%2Fwp%2Fv2%2Fmedia&parent=11"}],"curies":[{"name":"wp","href":"https:\/\/api.w.org\/{rel}","templated":true}]}}